{"id":165,"date":"2026-03-17T15:20:45","date_gmt":"2026-03-17T14:20:45","guid":{"rendered":"https:\/\/tierschutzliga.de\/tierparadies-oberdinger-moos\/?page_id=165"},"modified":"2026-03-23T17:13:20","modified_gmt":"2026-03-23T16:13:20","slug":"tiervermittlung-oberdinger-moos","status":"publish","type":"page","link":"https:\/\/tierschutzliga.de\/tierparadies-oberdinger-moos\/tiervermittlung-oberdinger-moos\/","title":{"rendered":"Tiervermittlung Oberdinger Moos"},"content":{"rendered":"<div class=\"fusion-fullwidth fullwidth-box fusion-builder-row-1 fusion-flex-container has-pattern-background has-mask-background nonhundred-percent-fullwidth non-hundred-percent-height-scrolling\" style=\"--awb-border-radius-top-left:0px;--awb-border-radius-top-right:0px;--awb-border-radius-bottom-right:0px;--awb-border-radius-bottom-left:0px;--awb-flex-wrap:wrap;\" ><div class=\"fusion-builder-row fusion-row fusion-flex-align-items-flex-start fusion-flex-content-wrap\" style=\"max-width:1248px;margin-left: calc(-4% \/ 2 );margin-right: calc(-4% \/ 2 );\"><div class=\"fusion-layout-column fusion_builder_column fusion-builder-column-0 fusion_builder_column_1_1 1_1 fusion-flex-column\" style=\"--awb-bg-size:cover;--awb-width-large:100%;--awb-margin-top-large:0px;--awb-spacing-right-large:1.92%;--awb-margin-bottom-large:20px;--awb-spacing-left-large:1.92%;--awb-width-medium:100%;--awb-order-medium:0;--awb-spacing-right-medium:1.92%;--awb-spacing-left-medium:1.92%;--awb-width-small:100%;--awb-order-small:0;--awb-spacing-right-small:1.92%;--awb-spacing-left-small:1.92%;\"><div class=\"fusion-column-wrapper fusion-column-has-shadow fusion-flex-justify-content-flex-start fusion-content-layout-column\"><div class=\"fusion-text fusion-text-1\"><h2 style=\"color: #cc0000;\">Aktuell ist unsere Tierdatenbank f\u00fcr das Tierparadies Oberdinger Moos nicht erreichbar. Bitte melden Sie sich bei Fragen oder Interesse an einem Tier, telefonisch im Tierheim.<\/h2>\n<\/div><div class=\"fusion-text fusion-text-2\"><h1>Vermittlungstiere aus dem Tierparadies Oberdinger Moos<\/h1>\n<\/div><\/div><\/div><div class=\"fusion-layout-column fusion_builder_column fusion-builder-column-1 fusion_builder_column_1_1 1_1 fusion-flex-column\" style=\"--awb-bg-size:cover;--awb-width-large:100%;--awb-margin-top-large:0px;--awb-spacing-right-large:1.92%;--awb-margin-bottom-large:20px;--awb-spacing-left-large:1.92%;--awb-width-medium:100%;--awb-order-medium:0;--awb-spacing-right-medium:1.92%;--awb-spacing-left-medium:1.92%;--awb-width-small:100%;--awb-order-small:0;--awb-spacing-right-small:1.92%;--awb-spacing-left-small:1.92%;\"><div class=\"fusion-column-wrapper fusion-column-has-shadow fusion-flex-justify-content-flex-start fusion-content-layout-column\"><div class=\"fusion-text fusion-text-3\"><p data-pm-slice=\"1 1 &#091;&#093;\">Sie suchen eine Katze aus einem Tierheim in S\u00fcddeutschland? Hier finden Sie alle Tierheimtiere aus dem bayrischen Tierparadies Oberdinger Moos, die ein neues Zuhause suchen.<\/p>\n<h3>Katzenvermittlung<\/h3>\n<p>In der Regel leben in unserem Tierheim nicht vermittelbare Tiere, die alt oder krank sind. Wir sind sozusagen eher eine Seniorenresidenz und eine Pflegestation f\u00fcr ausrangierte Haustiere. Gelegentlich nehmen wir aber Katzen auf, die wir z\u00e4hmen und dann zur Vermittlung freigeben. Diese Miezen suchen nun ein liebevolles Zuhause &#8211; machen Sie einer kleinen Seele eine Freude!<\/p>\n<h3>So kontaktieren Sie uns<\/h3>\n<p>Sie haben Interesse an einem unserer Vermittlungstiere? Gerne k\u00f6nnen Sie \u00fcber die Tierdatenbank eine Anfrage senden oder telefonisch einen Termin mit uns vereinbaren, um Fragen zu kl\u00e4ren und Ihr Wunschtier pers\u00f6nlich kennen zu lernen. Das Tierparadies Oberdinger Moos liegt zwischen Erding und Freising bzw. zwischen M\u00fcnchen und Landshut. Sie erreichen uns unter <span data-fusion-font=\"true\" style=\"font-family: 'Rawline Bold';\">0176 47089982<\/span> oder <span data-fusion-font=\"true\" style=\"font-family: 'Rawline Bold';\">0811 1740<\/span><\/p>\n<\/div><\/div><\/div><\/div><\/div>\n","protected":false},"excerpt":{"rendered":"","protected":false},"author":2,"featured_media":0,"parent":0,"menu_order":0,"comment_status":"closed","ping_status":"closed","template":"100-width.php","meta":{"inline_featured_image":false,"footnotes":""},"class_list":["post-165","page","type-page","status-publish","hentry"],"_links":{"self":[{"href":"https:\/\/tierschutzliga.de\/tierparadies-oberdinger-moos\/wp-json\/wp\/v2\/pages\/165","targetHints":{"allow":["GET"]}}],"collection":[{"href":"https:\/\/tierschutzliga.de\/tierparadies-oberdinger-moos\/wp-json\/wp\/v2\/pages"}],"about":[{"href":"https:\/\/tierschutzliga.de\/tierparadies-oberdinger-moos\/wp-json\/wp\/v2\/types\/page"}],"author":[{"embeddable":true,"href":"https:\/\/tierschutzliga.de\/tierparadies-oberdinger-moos\/wp-json\/wp\/v2\/users\/2"}],"replies":[{"embeddable":true,"href":"https:\/\/tierschutzliga.de\/tierparadies-oberdinger-moos\/wp-json\/wp\/v2\/comments?post=165"}],"version-history":[{"count":5,"href":"https:\/\/tierschutzliga.de\/tierparadies-oberdinger-moos\/wp-json\/wp\/v2\/pages\/165\/revisions"}],"predecessor-version":[{"id":174,"href":"https:\/\/tierschutzliga.de\/tierparadies-oberdinger-moos\/wp-json\/wp\/v2\/pages\/165\/revisions\/174"}],"wp:attachment":[{"href":"https:\/\/tierschutzliga.de\/tierparadies-oberdinger-moos\/wp-json\/wp\/v2\/media?parent=165"}],"curies":[{"name":"wp","href":"https:\/\/api.w.org\/{rel}","templated":true}]}}