{"id":4,"date":"2026-03-09T20:28:43","date_gmt":"2026-03-09T19:28:43","guid":{"rendered":"https:\/\/tierschutzliga.de\/tierheim-wollaberg\/?page_id=4"},"modified":"2026-04-14T15:59:24","modified_gmt":"2026-04-14T13:59:24","slug":"tiere","status":"publish","type":"page","link":"https:\/\/tierschutzliga.de\/tierheim-wollaberg\/tiere\/","title":{"rendered":"Vermittlungstiere \u2013 Tierheim Wollaberg"},"content":{"rendered":"<p><div class=\"fusion-fullwidth fullwidth-box fusion-builder-row-1 fusion-flex-container has-pattern-background has-mask-background nonhundred-percent-fullwidth non-hundred-percent-height-scrolling\" style=\"--awb-border-radius-top-left:0px;--awb-border-radius-top-right:0px;--awb-border-radius-bottom-right:0px;--awb-border-radius-bottom-left:0px;--awb-flex-wrap:wrap;\" ><div class=\"fusion-builder-row fusion-row fusion-flex-align-items-flex-start fusion-flex-content-wrap\" style=\"max-width:1248px;margin-left: calc(-4% \/ 2 );margin-right: calc(-4% \/ 2 );\"><div class=\"fusion-layout-column fusion_builder_column fusion-builder-column-0 fusion_builder_column_1_1 1_1 fusion-flex-column\" style=\"--awb-bg-size:cover;--awb-width-large:100%;--awb-margin-top-large:0px;--awb-spacing-right-large:1.92%;--awb-margin-bottom-large:20px;--awb-spacing-left-large:1.92%;--awb-width-medium:100%;--awb-order-medium:0;--awb-spacing-right-medium:1.92%;--awb-spacing-left-medium:1.92%;--awb-width-small:100%;--awb-order-small:0;--awb-spacing-right-small:1.92%;--awb-spacing-left-small:1.92%;\"><div class=\"fusion-column-wrapper fusion-column-has-shadow fusion-flex-justify-content-flex-start fusion-content-layout-column\"><div class=\"fusion-text fusion-text-1\"><p class=\"p1\"><b data-fusion-font=\"true\" style=\"font-family: 'Rawline Bold';\">Haben Sie Interesse an einem Tier?<\/b><\/p>\n<p class=\"p1\">Dann freuen wir uns sehr \u00fcber Ihr Interesse an einem unserer Sch\u00fctzlinge! Damit wir f\u00fcr unsere Hunde, Katzen und Kleintiere das passende Zuhause finden k\u00f6nnen, bitten wir Sie, vorab eine <span data-fusion-font=\"true\" style=\"font-family: 'Rawline Bold';\">Selbstauskunft<\/span> auszuf\u00fcllen.<\/p>\n<p class=\"p1\"><span data-fusion-font=\"true\" style=\"font-family: 'Rawline Bold';\">Laden<\/span> Sie sich einfach den entsprechenden <b>Interessenbogen als PDF<\/b> <span data-fusion-font=\"true\" style=\"font-family: 'Rawline Bold';\">herunter<\/span>, f\u00fcllen Sie ihn in Ruhe aus und senden Sie ihn uns <span data-fusion-font=\"true\" style=\"font-family: 'Rawline Bold';\">per Mail<\/span> an <a href=\"mailto:tierheim-wollaberg@tierschutzliga.de\">tierheim-wollaberg@tierschutzliga.de<\/a> zu. So k\u00f6nnen wir Sie und Ihre Lebensumst\u00e4nde besser kennenlernen und gemeinsam pr\u00fcfen, welches Tier genau zu Ihnen passt.<\/p>\n<p class=\"p1\">Unter diesem Text finden Sie au\u00dferdem unsere <b>Tierdatenbank f\u00fcr das Tierheim Wollaberg<\/b>. Dort erhalten Sie einen \u00dcberblick \u00fcber alle Tiere, die aktuell dort leben und ein Zuhause suchen. Nehmen Sie sich gerne Zeit, um unsere Sch\u00fctzlinge kennenzulernen.<\/p>\n<p class=\"p1\"><span class=\"s2\"><img decoding=\"async\" draggable=\"false\" role=\"img\" class=\"emoji\" alt=\"\u2764\ufe0f\" src=\"https:\/\/s.w.org\/images\/core\/emoji\/17.0.2\/svg\/2764.svg\"><\/span> Vielen Dank f\u00fcr Ihr Interesse und Ihre Unterst\u00fctzung im Tierschutz!<\/p>\n<\/div><\/div><\/div><div class=\"fusion-layout-column fusion_builder_column fusion-builder-column-1 fusion_builder_column_1_3 1_3 fusion-flex-column fusion-column-inner-bg-wrapper\" style=\"--awb-inner-bg-size:cover;--awb-width-large:33.333333333333%;--awb-margin-top-large:0px;--awb-spacing-right-large:5.76%;--awb-margin-bottom-large:20px;--awb-spacing-left-large:5.76%;--awb-width-medium:33.333333333333%;--awb-order-medium:0;--awb-spacing-right-medium:5.76%;--awb-spacing-left-medium:5.76%;--awb-width-small:100%;--awb-order-small:0;--awb-spacing-right-small:1.92%;--awb-spacing-left-small:1.92%;\" data-scroll-devices=\"small-visibility,medium-visibility,large-visibility\"><span class=\"fusion-column-inner-bg hover-type-none\"><a class=\"fusion-column-anchor\" href=\"https:\/\/tierschutzliga.de\/wp-content\/uploads\/2026\/04\/Selbstauskunft-Katzeninteressenten.pdf\"><span class=\"fusion-column-inner-bg-image\"><\/span><\/a><\/span><div class=\"fusion-column-wrapper fusion-column-has-shadow fusion-flex-justify-content-flex-start fusion-content-layout-column\"><div ><a class=\"fusion-button button-flat fusion-button-default-size button-default fusion-button-default button-1 fusion-button-default-span fusion-button-default-type\" target=\"_self\" href=\"https:\/\/tierschutzliga.de\/wp-content\/uploads\/2026\/04\/Selbstauskunft-Katzeninteressenten.pdf\"><span class=\"fusion-button-text awb-button__text awb-button__text--default\">Selbstauskunft F\u00fcr Katzen<\/span><\/a><\/div><\/div><\/div><div class=\"fusion-layout-column fusion_builder_column fusion-builder-column-2 fusion_builder_column_1_3 1_3 fusion-flex-column fusion-column-inner-bg-wrapper\" style=\"--awb-inner-bg-size:cover;--awb-width-large:33.333333333333%;--awb-margin-top-large:0px;--awb-spacing-right-large:5.76%;--awb-margin-bottom-large:20px;--awb-spacing-left-large:5.76%;--awb-width-medium:33.333333333333%;--awb-order-medium:0;--awb-spacing-right-medium:5.76%;--awb-spacing-left-medium:5.76%;--awb-width-small:100%;--awb-order-small:0;--awb-spacing-right-small:1.92%;--awb-spacing-left-small:1.92%;\" data-scroll-devices=\"small-visibility,medium-visibility,large-visibility\"><span class=\"fusion-column-inner-bg hover-type-none\"><a class=\"fusion-column-anchor\" href=\"https:\/\/tierschutzliga.de\/wp-content\/uploads\/2026\/04\/Selbstauskunft-Hundeinteressenten.pdf\"><span class=\"fusion-column-inner-bg-image\"><\/span><\/a><\/span><div class=\"fusion-column-wrapper fusion-column-has-shadow fusion-flex-justify-content-flex-start fusion-content-layout-column\"><div ><a class=\"fusion-button button-flat fusion-button-default-size button-default fusion-button-default button-2 fusion-button-default-span fusion-button-default-type\" target=\"_self\" href=\"https:\/\/tierschutzliga.de\/wp-content\/uploads\/2026\/04\/Selbstauskunft-Hundeinteressenten.pdf\"><span class=\"fusion-button-text awb-button__text awb-button__text--default\">Selbstauskunft F\u00fcr Hunde<\/span><\/a><\/div><\/div><\/div><div class=\"fusion-layout-column fusion_builder_column fusion-builder-column-3 fusion_builder_column_1_3 1_3 fusion-flex-column fusion-column-inner-bg-wrapper\" style=\"--awb-inner-bg-size:cover;--awb-width-large:33.333333333333%;--awb-margin-top-large:0px;--awb-spacing-right-large:5.76%;--awb-margin-bottom-large:20px;--awb-spacing-left-large:5.76%;--awb-width-medium:33.333333333333%;--awb-order-medium:0;--awb-spacing-right-medium:5.76%;--awb-spacing-left-medium:5.76%;--awb-width-small:100%;--awb-order-small:0;--awb-spacing-right-small:1.92%;--awb-spacing-left-small:1.92%;\" data-scroll-devices=\"small-visibility,medium-visibility,large-visibility\"><span class=\"fusion-column-inner-bg hover-type-none\"><a class=\"fusion-column-anchor\" href=\"https:\/\/tierschutzliga.de\/wp-content\/uploads\/2026\/04\/Selbstauskunft-Kleintierinteressenten.pdf\"><span class=\"fusion-column-inner-bg-image\"><\/span><\/a><\/span><div class=\"fusion-column-wrapper fusion-column-has-shadow fusion-flex-justify-content-flex-start fusion-content-layout-column\"><div ><a class=\"fusion-button button-flat fusion-button-default-size button-default fusion-button-default button-3 fusion-button-default-span fusion-button-default-type\" target=\"_self\" href=\"https:\/\/tierschutzliga.de\/wp-content\/uploads\/2026\/04\/Selbstauskunft-Kleintierinteressenten.pdf\"><span class=\"fusion-button-text awb-button__text awb-button__text--default\">Selbstauskunft F\u00fcr Kleintiere<\/span><\/a><\/div><\/div><\/div><\/div><\/div><div class=\"fusion-fullwidth fullwidth-box fusion-builder-row-2 fusion-flex-container nonhundred-percent-fullwidth non-hundred-percent-height-scrolling\" style=\"--awb-border-radius-top-left:0px;--awb-border-radius-top-right:0px;--awb-border-radius-bottom-right:0px;--awb-border-radius-bottom-left:0px;--awb-flex-wrap:wrap;\" ><div class=\"fusion-builder-row fusion-row fusion-flex-align-items-flex-start fusion-flex-content-wrap\" style=\"max-width:1248px;margin-left: calc(-4% \/ 2 );margin-right: calc(-4% \/ 2 );\"><div class=\"fusion-layout-column fusion_builder_column fusion-builder-column-4 fusion_builder_column_1_1 1_1 fusion-flex-column\" style=\"--awb-bg-size:cover;--awb-width-large:100%;--awb-margin-top-large:0px;--awb-spacing-right-large:1.92%;--awb-margin-bottom-large:0px;--awb-spacing-left-large:1.92%;--awb-width-medium:100%;--awb-spacing-right-medium:1.92%;--awb-spacing-left-medium:1.92%;--awb-width-small:100%;--awb-spacing-right-small:1.92%;--awb-spacing-left-small:1.92%;\"><div class=\"fusion-column-wrapper fusion-flex-justify-content-flex-start fusion-content-layout-column\"><div class=\"fusion-text fusion-text-2\"><script>var petFinderConfig = {\"serviceUrl\":\"https:\\\/\\\/tierschutzliga.de\\\/tierheim-wollaberg\\\/wp-json\\\/kwm-petfinder\\\/api\",\"imageBase\":\"https:\\\/\\\/tsliga3.vereinszugang.de\\\/modules\\\/Tier-Management\\\/\",\"scrollOffset\":\"\",\"externalRequestUrls\":[{\"species\":null,\"form\":false}],\"externalSponsorRequestUrl\":false,\"hideContactButton\":false,\"shareActive\":false,\"sharePlatforms\":[\"x\",\"facebook\",\"whatsapp\"],\"category\":\"vermittelbar\",\"sortColumn\":null,\"sortOrder\":null,\"preFilteredSpecies\":[],\"preFilteredSex\":[],\"preFilteredPlace\":[],\"preFilteredIllness\":[],\"preFilteredMediatedYear\":[],\"filterText\":true,\"filterSpecies\":true,\"filterSex\":true,\"filterPlace\":false,\"filterAttribute\":true,\"filterCategory\":true,\"requestType\":[\"ansprechpartner\"],\"sponsorRequestType\":[],\"desktopCols\":2,\"pageSize\":10,\"listLayout\":\"vertical\",\"detailLayout\":\"fixed\",\"detailLinkEnabled\":true,\"hideInternalNr\":false,\"showBadges\":{\"junior\":false,\"senior\":false,\"emergency\":false,\"handicap\":false,\"sponsor\":false},\"showSearchingSponsors\":false,\"sponsorListOneLine\":false,\"sponsorListShowAdopted\":false,\"sponsorListFilterCovered\":false,\"sponsorListShowCity\":false,\"hideSerialNr\":false,\"fieldVisibility\":{\"fields\":{\"list\":[\"Geburtsdatum\",\"Geschlecht\",\"Rasse\",\"Status\",\"Tierart\"],\"detail\":[\"Geburtsdatum\",\"Geschlecht\",\"Groesse\",\"Kastriert\",\"Merkmale\",\"Rasse\",\"Status\",\"Tierart\"]},\"sections\":{\"left\":[{\"name\":\"Bilder\",\"attributes\":{\"defaults\":true}},{\"name\":\"Allgemein\",\"attributes\":{\"defaults\":true}},{\"name\":\"Beschreibung\",\"attributes\":{\"defaults\":true}},{\"name\":\"Eigenschaften\",\"attributes\":{\"defaults\":true}},{\"name\":\"Patenschaftsbedarf\",\"attributes\":{\"defaults\":true}},{\"name\":\"Paten\",\"attributes\":{\"defaults\":true}},{\"name\":\"Vermittlungskontakt\",\"attributes\":{\"defaults\":true,\"unsortable\":true}},{\"name\":\"Patenschaftskontakt\",\"attributes\":{\"defaults\":true,\"unsortable\":true}},{\"name\":\"Teilen\",\"attributes\":{\"defaults\":true,\"unsortable\":true}}],\"right\":[]}},\"randomCompendium\":false,\"showForeignPets\":false,\"texts\":{\"loading\":\"L\\u00e4dt...\",\"place\":\"Aufenthaltsort\",\"foundling\":\"Fundtier\",\"foundPlace\":\"Fundort\",\"foundDate\":\"Funddatum\",\"mediatedDate\":\"Vermittelt am\",\"diedDate\":\"Verstorben am\",\"sex\":\"Geschlecht\",\"weight\":\"Gewicht\",\"castrated\":\"Kastriert\",\"breed\":\"Rasse\",\"species\":\"Tierart\",\"attributes\":\"Merkmale\",\"allCategories\":\"Alle Kategorien\",\"handicap\":\"Handicap\",\"junior\":\"Junior\",\"senior\":\"Senior\",\"emergency\":\"Notfall\",\"sponsorRequest\":\"Patengesuch\",\"foreignPet\":\"Fremdvermittlung\",\"next\":\"N\\u00e4chstes\",\"previous\":\"Vorheriges\",\"description\":\"Beschreibung\",\"status\":\"Status\",\"searchingSponsor\":\"Paten gesucht\",\"noSponsors\":\"Aktuell keine Paten\",\"generalInformation\":\"Allgemeine Infos\",\"animalNotFound\":\"Tier wurde nicht gefunden.\",\"error\":\"Es ist ein Fehler aufgetreten. Bitte versuchen Sie es sp\\u00e4ter noch einmal.\",\"animalsFound\":\"Folgende Tiere haben wir passend zu ihrer Suche gefunden\",\"noAnimalsFound\":\"Es wurden keine Eintr\\u00e4ge zu ihrer Suche gefunden.\",\"nextAnimal\":\"Tier vor\",\"previousAnimal\":\"Tier zur\\u00fcck\",\"backToList\":\"zur\\u00fcck zur Liste\",\"details\":\"Details\",\"errorLoading\":\"Es ist ein Fehler beim Laden der Daten aufgetreten. Bitte versuchen Sie es sp\\u00e4ter erneut.\",\"requestSuccess\":\"Ihre Anfrage wurde erfolgreich \\u00fcbermittelt. Herzlichen Dank!\",\"requestIntro\":\"Herzlichen Dank dass Sie sich f\\u00fcr {tiername} interessieren. Bitte geben Sie hier ihre Daten an. Wir setzen uns dann schnellstm\\u00f6glich mit ihnen in Verbindung. Mit * markierte Felder sind Pflichtfelder.\",\"pleaseSelect\":\"Bitte w\\u00e4hlen\",\"personalData\":\"Pers\\u00f6nliche Daten\",\"salutation\":\"Anrede\",\"title\":\"Titel\",\"firstname\":\"Vorname\",\"lastname\":\"Nachname\",\"birthday\":\"Geburtsdatum\",\"address\":\"Adresse\",\"street\":\"Stra\\u00dfe und Hausnummer\",\"postcode\":\"PLZ\",\"city\":\"Ort\",\"country\":\"Land\",\"contactData\":\"Kontaktdaten\",\"email\":\"E-Mail\",\"phone\":\"Telefon\",\"mobile\":\"Handy\",\"size\":\"Gr\\u00f6\\u00dfe\",\"yourMessage\":\"Ihre Nachricht\",\"dataProtection\":\"Einwilligungserkl\\u00e4rung in die Datenverarbeitung*: Ich willige ein, dass meine oben eingegebenen Daten per Email versendet werden und f\\u00fcr den Zweck der Kontaktaufnahme elektronisch gespeichert werden. Die Daten werden nach der Bearbeitung meiner Anfrage umgehend gel\\u00f6scht, sofern keine gesetzlichen Aufbewahrungspflichten bestehen. Eine Nutzung zu einem anderen Zweck oder eine Datenweitergabe an Dritte findet nicht statt. Diese Einwilligung kann ich jederzeit widerrufen. Hierzu gen\\u00fcgt die Textform.\",\"sendRequest\":\"Anfrage senden\",\"share\":\"Teilen\",\"reserved\":\"Reserviert\",\"protectionFee\":\"Schutzgeb\\u00fchr\",\"adoptionContact\":\"Vermittlungskontakt\",\"sponsoringContact\":\"Patenschaftskontakt\",\"loginToReuqest\":\"Bitte melden Sie sich an oder registrieren Sie sich um Kontakt aufzunehmen.\",\"onlineRequest\":\"Vermittlungsanfrage\",\"externalRequest\":\"Vermittlungsanfrage\",\"onlineSponsorRequest\":\"Patenschaftsanfrage\",\"externalSponsorRequest\":\"Patenschaftsanfrage\",\"filterResults\":\"Ergebnisse filtern\",\"properties\":\"Eigenschaften\",\"allItemsSelected\":\"Alle ausgew\\u00e4hlt\",\"selectItems\":\"Eigenschaften filtern\",\"selectSex\":\"Geschlecht filtern\",\"selectPlace\":\"Aufenthaltsort filtern\",\"selectSpecies\":\"Spezies filtern\",\"insertQuery\":\"Suchbegriff eingeben...\",\"inShelterSince\":\"Bei uns seit\",\"back\":\"Zur\\u00fcck\",\"forward\":\"Weiter\",\"illnesses\":\"Krankheiten\",\"vaccinations\":\"Impfungen\",\"noIllnesses\":\"Keine Krankheiten bekannt\",\"noVaccinations\":\"Keine Impfungen bekannt\",\"noProperties\":\"Keine Eigenschaften bekannt\",\"noData\":\"Keine Daten\",\"sponsoringNeedMonthly\":\"Monatsbedarf\",\"sponsoringNeedOnetime\":\"Einmaliger Bedarf\",\"sponsoringNeedCovered\":\"Davon bereits erhalten\",\"sponsorListHeadline\":\"Patenliste\",\"sponsorneedsHeadline\":\"Patenschaftsbedarf\",\"imagesHeadline\":\"Bilder\",\"sponsorNoNeed\":\"Aktuell kein Bedarf\",\"requestSubject\":\"Website: {anfrageart} f\\u00fcr {tiername} ({lfdnr})\",\"requestType\":\"Anfrageart\",\"contactPerson\":\"Ansprechpartner\",\"caringPerson\":\"Betreuer\",\"fosterPerson\":\"Pflegestelle\",\"contactName\":\"Name\",\"contactPhone\":\"Telefon\",\"contactMobile\":\"Mobil\",\"contactEmail\":\"E-Mail\",\"contactAvailable\":\"Erreichbarkeit\",\"contactCity\":\"Ort\"}};<\/script><div id=\"petfinder\"><\/div>\n<\/div><\/div><\/div><\/div><\/div><\/p>\n","protected":false},"excerpt":{"rendered":"","protected":false},"author":2,"featured_media":0,"parent":0,"menu_order":0,"comment_status":"closed","ping_status":"closed","template":"100-width.php","meta":{"inline_featured_image":false,"footnotes":""},"class_list":["post-4","page","type-page","status-publish","hentry"],"_links":{"self":[{"href":"https:\/\/tierschutzliga.de\/tierheim-wollaberg\/wp-json\/wp\/v2\/pages\/4","targetHints":{"allow":["GET"]}}],"collection":[{"href":"https:\/\/tierschutzliga.de\/tierheim-wollaberg\/wp-json\/wp\/v2\/pages"}],"about":[{"href":"https:\/\/tierschutzliga.de\/tierheim-wollaberg\/wp-json\/wp\/v2\/types\/page"}],"author":[{"embeddable":true,"href":"https:\/\/tierschutzliga.de\/tierheim-wollaberg\/wp-json\/wp\/v2\/users\/2"}],"replies":[{"embeddable":true,"href":"https:\/\/tierschutzliga.de\/tierheim-wollaberg\/wp-json\/wp\/v2\/comments?post=4"}],"version-history":[{"count":11,"href":"https:\/\/tierschutzliga.de\/tierheim-wollaberg\/wp-json\/wp\/v2\/pages\/4\/revisions"}],"predecessor-version":[{"id":187,"href":"https:\/\/tierschutzliga.de\/tierheim-wollaberg\/wp-json\/wp\/v2\/pages\/4\/revisions\/187"}],"wp:attachment":[{"href":"https:\/\/tierschutzliga.de\/tierheim-wollaberg\/wp-json\/wp\/v2\/media?parent=4"}],"curies":[{"name":"wp","href":"https:\/\/api.w.org\/{rel}","templated":true}]}}